{"id":2,"date":"2026-03-09T09:26:40","date_gmt":"2026-03-09T08:26:40","guid":{"rendered":"https:\/\/obiektyw-duszy.pl\/?page_id=2"},"modified":"2026-03-11T18:46:01","modified_gmt":"2026-03-11T17:46:01","slug":"przykladowa-strona","status":"publish","type":"page","link":"https:\/\/obiektyw-duszy.pl\/","title":{"rendered":"O autorze"},"content":{"rendered":"\n<p>Fotografia to dla mnie co\u015b wi\u0119cej ni\u017c tylko obraz to spos\u00f3b patrzenia na otaczaj\u0105cy mnie \u015bwiat. <\/p>\n\n\n\n<p>Romantyk z natury mimo, \u017ce amator to posiadaj\u0105cy wieloletnie do\u015bwiadczenie. Bliscy i rodzina m\u00f3wi\u0105, \u017ce urodzi\u0142em si\u0119 z aparatem w r\u0119ku. Od lat zatrzymuje w kadrze to co jest ulotne ale i prawdziwe. Aparat jest dla mnie narz\u0119dziem umo\u017cliwiaj\u0105cym spotkania z ciekawymi lud\u017ami, emocjami i natur\u0105.<\/p>\n\n\n\n<p>W ka\u017cdym uj\u0119ciu staram si\u0119 odnale\u017a\u0107 autentyczno\u015b\u0107 i histori\u0119, kt\u00f3ra kryje si\u0119 w zwyk\u0142ej chwili. W obiektyw wk\u0142adam ca\u0142e moje serce i wra\u017cliwo\u015b\u0107, wierz\u0105c, \u017ce fotografia ma moc zatrzymywania czasu. Bo najcenniejsze w \u017cyciu s\u0105 chwile, proste, szczere i niepowtarzalne.<\/p>\n\n\n\n<p>&#8211; Jerzy Bruzik.<\/p>\n","protected":false},"excerpt":{"rendered":"<p>Fotografia to dla mnie co\u015b wi\u0119cej ni\u017c tylko obraz to spos\u00f3b patrzenia na otaczaj\u0105cy mnie \u015bwiat. Romantyk z natury mimo, \u017ce amator to posiadaj\u0105cy wieloletnie do\u015bwiadczenie. Bliscy i rodzina m\u00f3wi\u0105, \u017ce urodzi\u0142em si\u0119 z aparatem w r\u0119ku. Od lat zatrzymuje w kadrze<\/p>\n<p class=\"link-more\"><a class=\"myButt \" href=\"https:\/\/obiektyw-duszy.pl\/\">Read More<\/a><\/p>\n","protected":false},"author":1,"featured_media":0,"parent":0,"menu_order":0,"comment_status":"closed","ping_status":"open","template":"","meta":{"footnotes":""},"class_list":["post-2","page","type-page","status-publish","hentry"],"_links":{"self":[{"href":"https:\/\/obiektyw-duszy.pl\/index.php?rest_route=\/wp\/v2\/pages\/2","targetHints":{"allow":["GET"]}}],"collection":[{"href":"https:\/\/obiektyw-duszy.pl\/index.php?rest_route=\/wp\/v2\/pages"}],"about":[{"href":"https:\/\/obiektyw-duszy.pl\/index.php?rest_route=\/wp\/v2\/types\/page"}],"author":[{"embeddable":true,"href":"https:\/\/obiektyw-duszy.pl\/index.php?rest_route=\/wp\/v2\/users\/1"}],"replies":[{"embeddable":true,"href":"https:\/\/obiektyw-duszy.pl\/index.php?rest_route=%2Fwp%2Fv2%2Fcomments&post=2"}],"version-history":[{"count":9,"href":"https:\/\/obiektyw-duszy.pl\/index.php?rest_route=\/wp\/v2\/pages\/2\/revisions"}],"predecessor-version":[{"id":69,"href":"https:\/\/obiektyw-duszy.pl\/index.php?rest_route=\/wp\/v2\/pages\/2\/revisions\/69"}],"wp:attachment":[{"href":"https:\/\/obiektyw-duszy.pl\/index.php?rest_route=%2Fwp%2Fv2%2Fmedia&parent=2"}],"curies":[{"name":"wp","href":"https:\/\/api.w.org\/{rel}","templated":true}]}}